{"id":12,"date":"2017-06-13T21:42:38","date_gmt":"2017-06-13T21:42:38","guid":{"rendered":"http:\/\/localhost\/play\/?page_id=12\/"},"modified":"2017-06-13T22:45:25","modified_gmt":"2017-06-13T22:45:25","slug":"accueil","status":"publish","type":"page","link":"https:\/\/play.smokyriverregion.ca\/fr\/","title":{"rendered":"Accueil"},"content":{"rendered":"<h1>BIENVENUE<\/h1>\n<p>Les grands espaces, la tranquillit\u00e9 de l\u2019endroit, des gens chaleureux et sympathiques avec leur diversit\u00e9 culturelle, sont de grands contributeurs \u00e0 ce qui attire les gens \u00e0 cette r\u00e9gion.<\/p>\n<p>La r\u00e9gion consiste, d\u2019environ 5000 personnes des villages, hameaux, et autres communaut\u00e9s.<\/p>\n<p>Ces communaut\u00e9s ont une abondance d\u2019activit\u00e9s r\u00e9cr\u00e9atives \u00e0 offrir avec leurs habitats naturels. Leurs terrains agricoles, les champs, la rivi\u00e8re, les c\u00f4tes, les terrains de vases, sont des attractions pour les amateurs de plein air qui aiment la p\u00eache, la chasse, faire du quatre-roues, faire de la motoneige, camper, et plus encore.<\/p>\n<p>La plupart de ces communaut\u00e9s, villes, villages et hameaux ont des ar\u00e9nas r\u00e9cr\u00e9atifs int\u00e9rieurs ou ext\u00e9rieurs o\u00f9 l\u2019on peut y trouver le hockey, le curling, la gymnastique, le gymkhana et beaucoup d\u2019autres sports et activit\u00e9s selon la saison. Il y a quelque chose pour tous les go\u00fbts et les \u00e2ges \u00e0 partir de la pente de ski l\u2019hiver, au parc aquatique l\u2019\u00e9t\u00e9, pour combattre la chaleur.<\/p>\n<p>Si c\u2019est la lecture, le tricot ou les ordinateurs qui vous int\u00e9ressent nous avons \u00e7a aussi.<\/p>\n","protected":false},"excerpt":{"rendered":"<p>BIENVENUE Les grands espaces, la tranquillit\u00e9 de l\u2019endroit, des gens chaleureux et sympathiques avec leur diversit\u00e9 culturelle, sont de grands contributeurs \u00e0 ce qui attire les gens \u00e0 cette r\u00e9gion. La r\u00e9gion consiste, d\u2019environ 5000 personnes des villages, hameaux, et autres communaut\u00e9s. Ces communaut\u00e9s ont une abondance d\u2019activit\u00e9s r\u00e9cr\u00e9atives \u00e0 offrir avec leurs habitats naturels. Leurs terrains agricoles, les champs, la rivi\u00e8re, les c\u00f4tes, les terrains de vases, sont des attractions pour les amateurs de plein air qui aiment la p\u00eache, la chasse, faire du quatre-roues, faire de la motoneige, camper, et plus encore. La plupart de ces communaut\u00e9s, villes, villages et hameaux ont des<a class=\"more-link\" href=\"https:\/\/play.smokyriverregion.ca\/fr\/\">Read More &rarr;<\/a><\/p>\n","protected":false},"author":1,"featured_media":0,"parent":0,"menu_order":0,"comment_status":"closed","ping_status":"closed","template":"page-templates\/template-widgetized.php","meta":{"footnotes":""},"class_list":["entry","page","publish","author-dioncomp","post-12"],"_links":{"self":[{"href":"https:\/\/play.smokyriverregion.ca\/fr\/wp-json\/wp\/v2\/pages\/12\/"}],"collection":[{"href":"https:\/\/play.smokyriverregion.ca\/fr\/wp-json\/wp\/v2\/pages\/"}],"about":[{"href":"https:\/\/play.smokyriverregion.ca\/fr\/wp-json\/wp\/v2\/types\/page\/"}],"author":[{"embeddable":true,"href":"https:\/\/play.smokyriverregion.ca\/fr\/wp-json\/wp\/v2\/users\/1\/"}],"replies":[{"embeddable":true,"href":"https:\/\/play.smokyriverregion.ca\/fr\/wp-json\/wp\/v2\/comments\/?post=12"}],"version-history":[{"count":0,"href":"https:\/\/play.smokyriverregion.ca\/fr\/wp-json\/wp\/v2\/pages\/12\/revisions\/"}],"wp:attachment":[{"href":"https:\/\/play.smokyriverregion.ca\/fr\/wp-json\/wp\/v2\/media\/?parent=12"}],"curies":[{"name":"wp","href":"https:\/\/api.w.org\/{rel}","templated":true}]}}